{"id":2416,"date":"2023-06-22T09:14:19","date_gmt":"2023-06-22T07:14:19","guid":{"rendered":"https:\/\/altersheim.it\/unser-haus\/"},"modified":"2023-08-11T08:25:34","modified_gmt":"2023-08-11T06:25:34","slug":"la-nostra-casa","status":"publish","type":"page","link":"https:\/\/altersheim.it\/it\/la-nostra-casa\/","title":{"rendered":"La nostra casa"},"content":{"rendered":"[vc_row type=&#8221;full_width_background&#8221; full_screen_row_position=&#8221;middle&#8221; column_margin=&#8221;default&#8221; column_direction=&#8221;default&#8221; column_direction_tablet=&#8221;default&#8221; column_direction_phone=&#8221;default&#8221; scene_position=&#8221;center&#8221; top_margin=&#8221;3%&#8221; text_color=&#8221;dark&#8221; text_align=&#8221;left&#8221; row_border_radius=&#8221;none&#8221; row_border_radius_applies=&#8221;bg&#8221; overflow=&#8221;visible&#8221; overlay_strength=&#8221;0.3&#8243; gradient_direction=&#8221;left_to_right&#8221; shape_divider_position=&#8221;bottom&#8221; bg_image_animation=&#8221;none&#8221; gradient_type=&#8221;default&#8221; shape_type=&#8221;&#8221;][vc_column column_padding=&#8221;no-extra-padding&#8221; column_padding_tablet=&#8221;inherit&#8221; column_padding_phone=&#8221;inherit&#8221; column_padding_position=&#8221;all&#8221; column_element_direction_desktop=&#8221;default&#8221; column_element_spacing=&#8221;default&#8221; desktop_text_alignment=&#8221;default&#8221; tablet_text_alignment=&#8221;default&#8221; phone_text_alignment=&#8221;default&#8221; background_color_opacity=&#8221;1&#8243; background_hover_color_opacity=&#8221;1&#8243; column_backdrop_filter=&#8221;none&#8221; column_shadow=&#8221;none&#8221; column_border_radius=&#8221;none&#8221; column_link_target=&#8221;_self&#8221; column_position=&#8221;default&#8221; gradient_direction=&#8221;left_to_right&#8221; overlay_strength=&#8221;0.3&#8243; width=&#8221;1\/1&#8243; tablet_width_inherit=&#8221;default&#8221; animation_type=&#8221;default&#8221; bg_image_animation=&#8221;none&#8221; border_type=&#8221;simple&#8221; column_border_width=&#8221;none&#8221; column_border_style=&#8221;solid&#8221;][vc_row_inner equal_height=&#8221;yes&#8221; column_margin=&#8221;default&#8221; column_direction=&#8221;default&#8221; column_direction_tablet=&#8221;default&#8221; column_direction_phone=&#8221;default&#8221; constrain_group_1=&#8221;yes&#8221; text_align=&#8221;left&#8221; row_position=&#8221;default&#8221; row_position_tablet=&#8221;inherit&#8221; row_position_phone=&#8221;inherit&#8221; overflow=&#8221;visible&#8221; pointer_events=&#8221;all&#8221;][vc_column_inner column_padding=&#8221;no-extra-padding&#8221; column_padding_tablet=&#8221;inherit&#8221; column_padding_phone=&#8221;inherit&#8221; column_padding_position=&#8221;all&#8221; column_element_direction_desktop=&#8221;default&#8221; column_element_spacing=&#8221;default&#8221; desktop_text_alignment=&#8221;center&#8221; tablet_text_alignment=&#8221;default&#8221; phone_text_alignment=&#8221;default&#8221; background_color_opacity=&#8221;1&#8243; background_hover_color_opacity=&#8221;1&#8243; column_backdrop_filter=&#8221;none&#8221; column_shadow=&#8221;none&#8221; column_border_radius=&#8221;none&#8221; column_link_target=&#8221;_self&#8221; overflow=&#8221;visible&#8221; gradient_direction=&#8221;left_to_right&#8221; overlay_strength=&#8221;0.3&#8243; width=&#8221;1\/1&#8243; tablet_width_inherit=&#8221;default&#8221; animation_type=&#8221;default&#8221; bg_image_animation=&#8221;none&#8221; border_type=&#8221;simple&#8221; column_border_width=&#8221;none&#8221; column_border_style=&#8221;solid&#8221; column_padding_type=&#8221;default&#8221; gradient_type=&#8221;default&#8221;][vc_column_text css=&#8221;.vc_custom_1687420548720{margin-bottom: 3% !important;border-bottom-width: 3px !important;border-bottom-color: #ffd504 !important;border-bottom-style: solid !important;border-radius: 3px !important;}&#8221;]\n<h2 style=\"text-align: left;\">La nostra casa<\/h2>\n[\/vc_column_text][\/vc_column_inner][\/vc_row_inner][\/vc_column][\/vc_row][vc_row type=&#8221;in_container&#8221; full_screen_row_position=&#8221;middle&#8221; column_margin=&#8221;default&#8221; column_direction=&#8221;default&#8221; column_direction_tablet=&#8221;default&#8221; column_direction_phone=&#8221;default&#8221; scene_position=&#8221;center&#8221; top_padding=&#8221;1%&#8221; constrain_group_1=&#8221;yes&#8221; bottom_padding=&#8221;1%&#8221; top_margin=&#8221;3%&#8221; constrain_group_7=&#8221;yes&#8221; bottom_margin=&#8221;3%&#8221; text_color=&#8221;dark&#8221; text_align=&#8221;left&#8221; row_border_radius=&#8221;none&#8221; row_border_radius_applies=&#8221;bg&#8221; overflow=&#8221;visible&#8221; overlay_strength=&#8221;0.3&#8243; gradient_direction=&#8221;left_to_right&#8221; shape_divider_position=&#8221;bottom&#8221; bg_image_animation=&#8221;none&#8221; gradient_type=&#8221;default&#8221; shape_type=&#8221;&#8221;][vc_column column_padding=&#8221;no-extra-padding&#8221; column_padding_tablet=&#8221;inherit&#8221; column_padding_phone=&#8221;inherit&#8221; column_padding_position=&#8221;all&#8221; column_element_direction_desktop=&#8221;default&#8221; column_element_spacing=&#8221;default&#8221; desktop_text_alignment=&#8221;default&#8221; tablet_text_alignment=&#8221;default&#8221; phone_text_alignment=&#8221;default&#8221; background_color_opacity=&#8221;1&#8243; background_hover_color_opacity=&#8221;1&#8243; column_backdrop_filter=&#8221;none&#8221; column_shadow=&#8221;none&#8221; column_border_radius=&#8221;none&#8221; column_link_target=&#8221;_self&#8221; column_position=&#8221;default&#8221; gradient_direction=&#8221;left_to_right&#8221; overlay_strength=&#8221;0.3&#8243; width=&#8221;1\/1&#8243; tablet_width_inherit=&#8221;default&#8221; animation_type=&#8221;default&#8221; bg_image_animation=&#8221;none&#8221; border_type=&#8221;simple&#8221; column_border_width=&#8221;none&#8221; column_border_style=&#8221;solid&#8221;][vc_row_inner column_margin=&#8221;default&#8221; column_direction=&#8221;default&#8221; column_direction_tablet=&#8221;default&#8221; column_direction_phone=&#8221;default&#8221; text_align=&#8221;left&#8221; row_position=&#8221;default&#8221; row_position_tablet=&#8221;inherit&#8221; row_position_phone=&#8221;inherit&#8221; overflow=&#8221;visible&#8221; pointer_events=&#8221;all&#8221;][vc_column_inner column_padding=&#8221;no-extra-padding&#8221; column_padding_tablet=&#8221;inherit&#8221; column_padding_phone=&#8221;inherit&#8221; column_padding_position=&#8221;all&#8221; column_element_direction_desktop=&#8221;default&#8221; column_element_spacing=&#8221;default&#8221; desktop_text_alignment=&#8221;default&#8221; tablet_text_alignment=&#8221;default&#8221; phone_text_alignment=&#8221;default&#8221; background_color_opacity=&#8221;1&#8243; background_hover_color_opacity=&#8221;1&#8243; column_backdrop_filter=&#8221;none&#8221; font_color=&#8221;#333333&#8243; column_shadow=&#8221;none&#8221; column_border_radius=&#8221;none&#8221; column_link_target=&#8221;_self&#8221; overflow=&#8221;visible&#8221; gradient_direction=&#8221;left_to_right&#8221; overlay_strength=&#8221;0.3&#8243; width=&#8221;1\/1&#8243; tablet_width_inherit=&#8221;default&#8221; animation_type=&#8221;default&#8221; bg_image_animation=&#8221;none&#8221; border_type=&#8221;simple&#8221; column_border_width=&#8221;none&#8221; column_border_style=&#8221;solid&#8221; column_padding_type=&#8221;default&#8221; gradient_type=&#8221;default&#8221;][vc_column_text]<strong>La casa di riposo Santa Barbara<\/strong> si trova accanto alla chiesa parrocchiale di San Leonardo in Passiria, non lontano dal centro del paese. La nostra casa offre vitto e alloggio, oltre a un&#8217;assistenza completa e a un&#8217;assistenza infermieristica conforme allo stato delle conoscenze dell&#8217;epoca. Incoraggiamo i nostri residenti a mantenere la loro vita sociale familiare e li aiutiamo ad ambientarsi nel nuovo ambiente. Nell&#8217;interazione quotidiana con i nostri residenti, rispettiamo e promuoviamo la loro identit\u00e0 culturale, cos\u00ec come le loro peculiarit\u00e0 e abitudini.<\/p>\n<p>La casa di riposo Santa Barbara dispone di un totale di 48 posti letto, di cui 30 camere singole e 9 camere doppie, tutte con doccia e WC.<\/p>\n<p>La casa dispone anche di diverse aree di ristoro e ricreazione, due bagni per infermieri, un salone di parrucchiere, una sala per la fisioterapia e una cappella. Inoltre, la casa dispone di cucina, lavanderia e bar propri.<\/p>\n<p>Tutti i residenti possono visitare liberamente le sale comuni messe a disposizione e utilizzare le attrezzature presenti in base alle loro esigenze.<\/p>\n<p>Tutto il personale della Casa di riposo Santa Barbara persegue lo stesso obiettivo:<br \/>\nAumentare il benessere dei residenti della casa![\/vc_column_text][\/vc_column_inner][\/vc_row_inner][\/vc_column][\/vc_row]\n","protected":false},"excerpt":{"rendered":"<p>[vc_row type=&#8221;full_width_background&#8221; full_screen_row_position=&#8221;middle&#8221; column_margin=&#8221;default&#8221; column_direction=&#8221;default&#8221; column_direction_tablet=&#8221;default&#8221; column_direction_phone=&#8221;default&#8221; scene_position=&#8221;center&#8221; top_margin=&#8221;3%&#8221; text_color=&#8221;dark&#8221; text_align=&#8221;left&#8221; row_border_radius=&#8221;none&#8221; row_border_radius_applies=&#8221;bg&#8221; overflow=&#8221;visible&#8221; overlay_strength=&#8221;0.3&#8243; gradient_direction=&#8221;left_to_right&#8221; shape_divider_position=&#8221;bottom&#8221; bg_image_animation=&#8221;none&#8221; gradient_type=&#8221;default&#8221; shape_type=&#8221;&#8221;][vc_column column_padding=&#8221;no-extra-padding&#8221; column_padding_tablet=&#8221;inherit&#8221; column_padding_phone=&#8221;inherit&#8221; column_padding_position=&#8221;all&#8221; column_element_direction_desktop=&#8221;default&#8221; column_element_spacing=&#8221;default&#8221; desktop_text_alignment=&#8221;default&#8221; tablet_text_alignment=&#8221;default&#8221; phone_text_alignment=&#8221;default&#8221; background_color_opacity=&#8221;1&#8243;&#8230;<\/p>\n","protected":false},"author":5,"featured_media":0,"parent":0,"menu_order":2,"comment_status":"closed","ping_status":"closed","template":"","meta":{"footnotes":""},"class_list":["post-2416","page","type-page","status-publish"],"yoast_head":"<!-- This site is optimized with the Yoast SEO plugin v27.4 - https:\/\/yoast.com\/product\/yoast-seo-wordpress\/ -->\n<title>La nostra casa - Seniorenwohnheim St. Barbara<\/title>\n<meta name=\"description\" content=\"La casa di riposo Santa Barbara si trova accanto alla chiesa parrocchiale di San Leonardo in Passiria, non lontano dal centro del paese.\" \/>\n<meta name=\"robots\" content=\"index, follow, max-snippet:-1, max-image-preview:large, max-video-preview:-1\" \/>\n<link rel=\"canonical\" href=\"https:\/\/altersheim.it\/it\/la-nostra-casa\/\" \/>\n<meta property=\"og:locale\" content=\"it_IT\" \/>\n<meta property=\"og:type\" content=\"article\" \/>\n<meta property=\"og:title\" content=\"La nostra casa - Seniorenwohnheim St. Barbara\" \/>\n<meta property=\"og:description\" content=\"La casa di riposo Santa Barbara si trova accanto alla chiesa parrocchiale di San Leonardo in Passiria, non lontano dal centro del paese.\" \/>\n<meta property=\"og:url\" content=\"https:\/\/altersheim.it\/it\/la-nostra-casa\/\" \/>\n<meta property=\"og:site_name\" content=\"Seniorenwohnheim St. Barbara\" \/>\n<meta property=\"article:modified_time\" content=\"2023-08-11T06:25:34+00:00\" \/>\n<meta property=\"og:image\" content=\"https:\/\/altersheim.it\/wp-content\/uploads\/2023\/07\/Seniorenwohnheim_PfeiferBerniStLe_-10-1.jpg\" \/>\n\t<meta property=\"og:image:width\" content=\"1920\" \/>\n\t<meta property=\"og:image:height\" content=\"1280\" \/>\n\t<meta property=\"og:image:type\" content=\"image\/jpeg\" \/>\n<meta name=\"twitter:card\" content=\"summary_large_image\" \/>\n<meta name=\"twitter:label1\" content=\"Tempo di lettura stimato\" \/>\n\t<meta name=\"twitter:data1\" content=\"3 minuti\" \/>\n<script type=\"application\/ld+json\" class=\"yoast-schema-graph\">{\"@context\":\"https:\\\/\\\/schema.org\",\"@graph\":[{\"@type\":\"WebPage\",\"@id\":\"https:\\\/\\\/altersheim.it\\\/it\\\/la-nostra-casa\\\/\",\"url\":\"https:\\\/\\\/altersheim.it\\\/it\\\/la-nostra-casa\\\/\",\"name\":\"La nostra casa - Seniorenwohnheim St. Barbara\",\"isPartOf\":{\"@id\":\"https:\\\/\\\/altersheim.it\\\/#website\"},\"datePublished\":\"2023-06-22T07:14:19+00:00\",\"dateModified\":\"2023-08-11T06:25:34+00:00\",\"description\":\"La casa di riposo Santa Barbara si trova accanto alla chiesa parrocchiale di San Leonardo in Passiria, non lontano dal centro del paese.\",\"breadcrumb\":{\"@id\":\"https:\\\/\\\/altersheim.it\\\/it\\\/la-nostra-casa\\\/#breadcrumb\"},\"inLanguage\":\"it-IT\",\"potentialAction\":[{\"@type\":\"ReadAction\",\"target\":[\"https:\\\/\\\/altersheim.it\\\/it\\\/la-nostra-casa\\\/\"]}]},{\"@type\":\"BreadcrumbList\",\"@id\":\"https:\\\/\\\/altersheim.it\\\/it\\\/la-nostra-casa\\\/#breadcrumb\",\"itemListElement\":[{\"@type\":\"ListItem\",\"position\":1,\"name\":\"Startseite\",\"item\":\"https:\\\/\\\/altersheim.it\\\/it\\\/\"},{\"@type\":\"ListItem\",\"position\":2,\"name\":\"La nostra casa\"}]},{\"@type\":\"WebSite\",\"@id\":\"https:\\\/\\\/altersheim.it\\\/#website\",\"url\":\"https:\\\/\\\/altersheim.it\\\/\",\"name\":\"Seniorenwohnheim St. Barbara\",\"description\":\"Konsortium Seniorendienste Passeier\",\"publisher\":{\"@id\":\"https:\\\/\\\/altersheim.it\\\/#organization\"},\"potentialAction\":[{\"@type\":\"SearchAction\",\"target\":{\"@type\":\"EntryPoint\",\"urlTemplate\":\"https:\\\/\\\/altersheim.it\\\/?s={search_term_string}\"},\"query-input\":{\"@type\":\"PropertyValueSpecification\",\"valueRequired\":true,\"valueName\":\"search_term_string\"}}],\"inLanguage\":\"it-IT\"},{\"@type\":\"Organization\",\"@id\":\"https:\\\/\\\/altersheim.it\\\/#organization\",\"name\":\"Konsortium Seniorendienste Passeier\",\"url\":\"https:\\\/\\\/altersheim.it\\\/\",\"logo\":{\"@type\":\"ImageObject\",\"inLanguage\":\"it-IT\",\"@id\":\"https:\\\/\\\/altersheim.it\\\/#\\\/schema\\\/logo\\\/image\\\/\",\"url\":\"https:\\\/\\\/altersheim.it\\\/wp-content\\\/uploads\\\/2023\\\/06\\\/seniorenwohnheim-logo-2x.png\",\"contentUrl\":\"https:\\\/\\\/altersheim.it\\\/wp-content\\\/uploads\\\/2023\\\/06\\\/seniorenwohnheim-logo-2x.png\",\"width\":1000,\"height\":124,\"caption\":\"Konsortium Seniorendienste Passeier\"},\"image\":{\"@id\":\"https:\\\/\\\/altersheim.it\\\/#\\\/schema\\\/logo\\\/image\\\/\"}}]}<\/script>\n<!-- \/ Yoast SEO plugin. -->","yoast_head_json":{"title":"La nostra casa - Seniorenwohnheim St. Barbara","description":"La casa di riposo Santa Barbara si trova accanto alla chiesa parrocchiale di San Leonardo in Passiria, non lontano dal centro del paese.","robots":{"index":"index","follow":"follow","max-snippet":"max-snippet:-1","max-image-preview":"max-image-preview:large","max-video-preview":"max-video-preview:-1"},"canonical":"https:\/\/altersheim.it\/it\/la-nostra-casa\/","og_locale":"it_IT","og_type":"article","og_title":"La nostra casa - Seniorenwohnheim St. Barbara","og_description":"La casa di riposo Santa Barbara si trova accanto alla chiesa parrocchiale di San Leonardo in Passiria, non lontano dal centro del paese.","og_url":"https:\/\/altersheim.it\/it\/la-nostra-casa\/","og_site_name":"Seniorenwohnheim St. Barbara","article_modified_time":"2023-08-11T06:25:34+00:00","og_image":[{"width":1920,"height":1280,"url":"https:\/\/altersheim.it\/wp-content\/uploads\/2023\/07\/Seniorenwohnheim_PfeiferBerniStLe_-10-1.jpg","type":"image\/jpeg"}],"twitter_card":"summary_large_image","twitter_misc":{"Tempo di lettura stimato":"3 minuti"},"schema":{"@context":"https:\/\/schema.org","@graph":[{"@type":"WebPage","@id":"https:\/\/altersheim.it\/it\/la-nostra-casa\/","url":"https:\/\/altersheim.it\/it\/la-nostra-casa\/","name":"La nostra casa - Seniorenwohnheim St. Barbara","isPartOf":{"@id":"https:\/\/altersheim.it\/#website"},"datePublished":"2023-06-22T07:14:19+00:00","dateModified":"2023-08-11T06:25:34+00:00","description":"La casa di riposo Santa Barbara si trova accanto alla chiesa parrocchiale di San Leonardo in Passiria, non lontano dal centro del paese.","breadcrumb":{"@id":"https:\/\/altersheim.it\/it\/la-nostra-casa\/#breadcrumb"},"inLanguage":"it-IT","potentialAction":[{"@type":"ReadAction","target":["https:\/\/altersheim.it\/it\/la-nostra-casa\/"]}]},{"@type":"BreadcrumbList","@id":"https:\/\/altersheim.it\/it\/la-nostra-casa\/#breadcrumb","itemListElement":[{"@type":"ListItem","position":1,"name":"Startseite","item":"https:\/\/altersheim.it\/it\/"},{"@type":"ListItem","position":2,"name":"La nostra casa"}]},{"@type":"WebSite","@id":"https:\/\/altersheim.it\/#website","url":"https:\/\/altersheim.it\/","name":"Seniorenwohnheim St. Barbara","description":"Konsortium Seniorendienste Passeier","publisher":{"@id":"https:\/\/altersheim.it\/#organization"},"potentialAction":[{"@type":"SearchAction","target":{"@type":"EntryPoint","urlTemplate":"https:\/\/altersheim.it\/?s={search_term_string}"},"query-input":{"@type":"PropertyValueSpecification","valueRequired":true,"valueName":"search_term_string"}}],"inLanguage":"it-IT"},{"@type":"Organization","@id":"https:\/\/altersheim.it\/#organization","name":"Konsortium Seniorendienste Passeier","url":"https:\/\/altersheim.it\/","logo":{"@type":"ImageObject","inLanguage":"it-IT","@id":"https:\/\/altersheim.it\/#\/schema\/logo\/image\/","url":"https:\/\/altersheim.it\/wp-content\/uploads\/2023\/06\/seniorenwohnheim-logo-2x.png","contentUrl":"https:\/\/altersheim.it\/wp-content\/uploads\/2023\/06\/seniorenwohnheim-logo-2x.png","width":1000,"height":124,"caption":"Konsortium Seniorendienste Passeier"},"image":{"@id":"https:\/\/altersheim.it\/#\/schema\/logo\/image\/"}}]}},"_links":{"self":[{"href":"https:\/\/altersheim.it\/it\/wp-json\/wp\/v2\/pages\/2416","targetHints":{"allow":["GET"]}}],"collection":[{"href":"https:\/\/altersheim.it\/it\/wp-json\/wp\/v2\/pages"}],"about":[{"href":"https:\/\/altersheim.it\/it\/wp-json\/wp\/v2\/types\/page"}],"author":[{"embeddable":true,"href":"https:\/\/altersheim.it\/it\/wp-json\/wp\/v2\/users\/5"}],"replies":[{"embeddable":true,"href":"https:\/\/altersheim.it\/it\/wp-json\/wp\/v2\/comments?post=2416"}],"version-history":[{"count":1,"href":"https:\/\/altersheim.it\/it\/wp-json\/wp\/v2\/pages\/2416\/revisions"}],"predecessor-version":[{"id":2693,"href":"https:\/\/altersheim.it\/it\/wp-json\/wp\/v2\/pages\/2416\/revisions\/2693"}],"wp:attachment":[{"href":"https:\/\/altersheim.it\/it\/wp-json\/wp\/v2\/media?parent=2416"}],"curies":[{"name":"wp","href":"https:\/\/api.w.org\/{rel}","templated":true}]}}