{"id":2412,"date":"2023-06-22T09:13:49","date_gmt":"2023-06-22T07:13:49","guid":{"rendered":"https:\/\/altersheim.it\/leitbild\/"},"modified":"2025-08-22T12:14:40","modified_gmt":"2025-08-22T10:14:40","slug":"missione","status":"publish","type":"page","link":"https:\/\/altersheim.it\/it\/missione\/","title":{"rendered":"Missione"},"content":{"rendered":"[vc_row type=&#8221;full_width_background&#8221; full_screen_row_position=&#8221;middle&#8221; column_margin=&#8221;default&#8221; column_direction=&#8221;default&#8221; column_direction_tablet=&#8221;default&#8221; column_direction_phone=&#8221;default&#8221; scene_position=&#8221;center&#8221; top_margin=&#8221;3%&#8221; text_color=&#8221;dark&#8221; text_align=&#8221;left&#8221; row_border_radius=&#8221;none&#8221; row_border_radius_applies=&#8221;bg&#8221; overflow=&#8221;visible&#8221; overlay_strength=&#8221;0.3&#8243; gradient_direction=&#8221;left_to_right&#8221; shape_divider_position=&#8221;bottom&#8221; bg_image_animation=&#8221;none&#8221; gradient_type=&#8221;default&#8221; shape_type=&#8221;&#8221;][vc_column column_padding=&#8221;no-extra-padding&#8221; column_padding_tablet=&#8221;inherit&#8221; column_padding_phone=&#8221;inherit&#8221; column_padding_position=&#8221;all&#8221; column_element_direction_desktop=&#8221;default&#8221; column_element_spacing=&#8221;default&#8221; desktop_text_alignment=&#8221;default&#8221; tablet_text_alignment=&#8221;default&#8221; phone_text_alignment=&#8221;default&#8221; background_color_opacity=&#8221;1&#8243; background_hover_color_opacity=&#8221;1&#8243; column_backdrop_filter=&#8221;none&#8221; column_shadow=&#8221;none&#8221; column_border_radius=&#8221;none&#8221; column_link_target=&#8221;_self&#8221; column_position=&#8221;default&#8221; gradient_direction=&#8221;left_to_right&#8221; overlay_strength=&#8221;0.3&#8243; width=&#8221;1\/1&#8243; tablet_width_inherit=&#8221;default&#8221; animation_type=&#8221;default&#8221; bg_image_animation=&#8221;none&#8221; border_type=&#8221;simple&#8221; column_border_width=&#8221;none&#8221; column_border_style=&#8221;solid&#8221;][vc_row_inner equal_height=&#8221;yes&#8221; column_margin=&#8221;default&#8221; column_direction=&#8221;default&#8221; column_direction_tablet=&#8221;default&#8221; column_direction_phone=&#8221;default&#8221; constrain_group_1=&#8221;yes&#8221; text_align=&#8221;left&#8221; row_position=&#8221;default&#8221; row_position_tablet=&#8221;inherit&#8221; row_position_phone=&#8221;inherit&#8221; overflow=&#8221;visible&#8221; pointer_events=&#8221;all&#8221;][vc_column_inner column_padding=&#8221;no-extra-padding&#8221; column_padding_tablet=&#8221;inherit&#8221; column_padding_phone=&#8221;inherit&#8221; column_padding_position=&#8221;all&#8221; column_element_direction_desktop=&#8221;default&#8221; column_element_spacing=&#8221;default&#8221; desktop_text_alignment=&#8221;center&#8221; tablet_text_alignment=&#8221;default&#8221; phone_text_alignment=&#8221;default&#8221; background_color_opacity=&#8221;1&#8243; background_hover_color_opacity=&#8221;1&#8243; column_backdrop_filter=&#8221;none&#8221; column_shadow=&#8221;none&#8221; column_border_radius=&#8221;none&#8221; column_link_target=&#8221;_self&#8221; overflow=&#8221;visible&#8221; gradient_direction=&#8221;left_to_right&#8221; overlay_strength=&#8221;0.3&#8243; width=&#8221;1\/1&#8243; tablet_width_inherit=&#8221;default&#8221; animation_type=&#8221;default&#8221; bg_image_animation=&#8221;none&#8221; border_type=&#8221;simple&#8221; column_border_width=&#8221;none&#8221; column_border_style=&#8221;solid&#8221; column_padding_type=&#8221;default&#8221; gradient_type=&#8221;default&#8221;][vc_column_text css=&#8221;.vc_custom_1687420134043{margin-bottom: 3% !important;border-bottom-width: 3px !important;border-bottom-color: #ffd504 !important;border-bottom-style: solid !important;border-radius: 3px !important;}&#8221;]\n<h2 style=\"text-align: left;\"><strong>Missione<\/strong><\/h2>\n[\/vc_column_text][\/vc_column_inner][\/vc_row_inner][\/vc_column][\/vc_row][vc_row type=&#8221;in_container&#8221; full_screen_row_position=&#8221;middle&#8221; column_margin=&#8221;default&#8221; column_direction=&#8221;default&#8221; column_direction_tablet=&#8221;default&#8221; column_direction_phone=&#8221;default&#8221; scene_position=&#8221;center&#8221; top_padding=&#8221;1%&#8221; constrain_group_1=&#8221;yes&#8221; bottom_padding=&#8221;1%&#8221; top_margin=&#8221;3%&#8221; constrain_group_7=&#8221;yes&#8221; bottom_margin=&#8221;3%&#8221; text_color=&#8221;dark&#8221; text_align=&#8221;left&#8221; row_border_radius=&#8221;none&#8221; row_border_radius_applies=&#8221;bg&#8221; overflow=&#8221;visible&#8221; overlay_strength=&#8221;0.3&#8243; gradient_direction=&#8221;left_to_right&#8221; shape_divider_position=&#8221;bottom&#8221; bg_image_animation=&#8221;none&#8221; gradient_type=&#8221;default&#8221; shape_type=&#8221;&#8221;][vc_column column_padding=&#8221;no-extra-padding&#8221; column_padding_tablet=&#8221;inherit&#8221; column_padding_phone=&#8221;inherit&#8221; column_padding_position=&#8221;all&#8221; column_element_direction_desktop=&#8221;default&#8221; column_element_spacing=&#8221;default&#8221; desktop_text_alignment=&#8221;default&#8221; tablet_text_alignment=&#8221;default&#8221; phone_text_alignment=&#8221;default&#8221; background_color_opacity=&#8221;1&#8243; background_hover_color_opacity=&#8221;1&#8243; column_backdrop_filter=&#8221;none&#8221; column_shadow=&#8221;none&#8221; column_border_radius=&#8221;none&#8221; column_link_target=&#8221;_self&#8221; column_position=&#8221;default&#8221; gradient_direction=&#8221;left_to_right&#8221; overlay_strength=&#8221;0.3&#8243; width=&#8221;1\/1&#8243; tablet_width_inherit=&#8221;default&#8221; animation_type=&#8221;default&#8221; bg_image_animation=&#8221;none&#8221; border_type=&#8221;simple&#8221; column_border_width=&#8221;none&#8221; column_border_style=&#8221;solid&#8221;][vc_row_inner column_margin=&#8221;default&#8221; column_direction=&#8221;default&#8221; column_direction_tablet=&#8221;default&#8221; column_direction_phone=&#8221;default&#8221; text_align=&#8221;left&#8221; row_position=&#8221;default&#8221; row_position_tablet=&#8221;inherit&#8221; row_position_phone=&#8221;inherit&#8221; overflow=&#8221;visible&#8221; pointer_events=&#8221;all&#8221;][vc_column_inner column_padding=&#8221;no-extra-padding&#8221; column_padding_tablet=&#8221;inherit&#8221; column_padding_phone=&#8221;inherit&#8221; column_padding_position=&#8221;all&#8221; column_element_direction_desktop=&#8221;default&#8221; column_element_spacing=&#8221;default&#8221; desktop_text_alignment=&#8221;default&#8221; tablet_text_alignment=&#8221;default&#8221; phone_text_alignment=&#8221;default&#8221; background_color_opacity=&#8221;1&#8243; background_hover_color_opacity=&#8221;1&#8243; column_backdrop_filter=&#8221;none&#8221; font_color=&#8221;#333333&#8243; column_shadow=&#8221;none&#8221; column_border_radius=&#8221;none&#8221; column_link_target=&#8221;_self&#8221; overflow=&#8221;visible&#8221; gradient_direction=&#8221;left_to_right&#8221; overlay_strength=&#8221;0.3&#8243; width=&#8221;1\/1&#8243; tablet_width_inherit=&#8221;default&#8221; animation_type=&#8221;default&#8221; bg_image_animation=&#8221;none&#8221; border_type=&#8221;simple&#8221; column_border_width=&#8221;none&#8221; column_border_style=&#8221;solid&#8221; column_padding_type=&#8221;default&#8221; gradient_type=&#8221;default&#8221;][vc_column_text css=&#8221;&#8221; text_direction=&#8221;default&#8221;]<strong>La nostra missione<\/strong> contiene l&#8217;immagine di s\u00e9 e i principi fondamentali dell&#8217;organizzazione. All&#8217;interno, la dichiarazione di missione deve fornire un orientamento e quindi fungere da linea guida e motivazione per l&#8217;organizzazione e i singoli dipendenti.<br \/>\nAll&#8217;esterno, deve rendere chiaro ci\u00f2 che rappresentiamo come azienda. \u00c8 la base dell&#8217;identit\u00e0 della nostra azienda e descrive la nostra missione e visione, nonch\u00e9 la cultura aziendale desiderata. Costituisce il quadro di riferimento per le nostre strategie, gli obiettivi e le azioni operative.<\/p>\n<p>Nella nostra missione, vediamo le persone al centro del nostro lavoro.<\/p>\n<p>La nostra visione consiste nel rispondere ai nuovi bisogni con offerte adeguate, adempiendo cos\u00ec a una missione sociale essenziale per la popolazione e le comunit\u00e0.<\/p>\n<p><strong>I nostri residenti e ospiti<\/strong><\/p>\n<ul>\n<li>percepiamo i residenti nella loro personalit\u00e0 e dignit\u00e0 e offriamo loro un sostegno professionale<\/li>\n<li>riconosciamo i loro bisogni e le loro risorse individuali e manteniamo e promuoviamo la loro indipendenza<\/li>\n<li>ascoltiamo i nostri residenti e i loro familiari e, ove possibile, rispondiamo alle loro preoccupazioni e ai loro desideri<\/li>\n<li>li trattiamo con gioia e umorismo<\/li>\n<li>coltiviamo un atteggiamento di rispetto e apprezzamento<\/li>\n<\/ul>\n<p><strong>Noi dipendenti<\/strong><\/p>\n<ul>\n<li>il rispetto reciproco e l&#8217;apertura sono la base delle nostre azioni orientate agli obiettivi tra tutti i gruppi professionali.<\/li>\n<li>continuiamo la nostra formazione per essere professionalmente competenti e trasmettiamo queste conoscenze all&#8217;interno del team<\/li>\n<li>siamo flessibili, aperti a nuove idee e permettiamo il cambiamento<\/li>\n<li>parliamo tra di noi in modo apprezzabile e orientato alle soluzioni<\/li>\n<li>esprimiamo e accettiamo le critiche<\/li>\n<li>affrontiamo i disaccordi e i conflitti in modo aperto e costruttivo e li risolviamo al nostro interno<\/li>\n<li>ci assumiamo la responsabilit\u00e0 delle nostre azioni<\/li>\n<li>vogliamo goderci il nostro lavoro<\/li>\n<\/ul>\n<p><strong>parenti, amici e conoscenti<\/strong><\/p>\n<ul>\n<li>manteniamo un rapporto di collaborazione con parenti, amici e conoscenti dei nostri HB<\/li>\n<li>i visitatori sono sempre i benvenuti<\/li>\n<li>abbiamo un orecchio aperto, prendiamo sul serio preoccupazioni e timori e accogliamo con favore il loro sostegno<\/li>\n<\/ul>\n<p><strong>I nostri volontari<\/strong><\/p>\n<ul>\n<li>sono sempre i benvenuti nella nostra casa<\/li>\n<li>sono un&#8217;aggiunta preziosa e importante alle nostre attivit\u00e0<\/li>\n<li>apportano variet\u00e0 alla routine quotidiana della casa<\/li>\n<li>apprezziamo il loro impegno personale e siamo felici di ogni nuovo volontario<\/li>\n<\/ul>\n<p><strong>Partner e associazioni<\/strong><\/p>\n<ul>\n<li>Per noi la collaborazione con altri servizi e istituzioni \u00e8 una parte essenziale della nostra missione<\/li>\n<li>il loro sostegno e aiuto \u00e8 un valore aggiunto per il nostro lavoro<\/li>\n<li>promuoviamo i contatti con il mondo esterno e la conservazione di tradizioni e costumi attraverso eventi periodici con le associazioni<\/li>\n<\/ul>\n<p><a href=\"https:\/\/altersheim.it\/wp-content\/uploads\/2025\/08\/Leitbild-Arbeits-und-Gesundheitsschutz.pdf\">missione salute e sicurezza sul lavoro<\/a>[\/vc_column_text][\/vc_column_inner][\/vc_row_inner][\/vc_column][\/vc_row]\n","protected":false},"excerpt":{"rendered":"<p>[vc_row type=&#8221;full_width_background&#8221; full_screen_row_position=&#8221;middle&#8221; column_margin=&#8221;default&#8221; column_direction=&#8221;default&#8221; column_direction_tablet=&#8221;default&#8221; column_direction_phone=&#8221;default&#8221; scene_position=&#8221;center&#8221; top_margin=&#8221;3%&#8221; text_color=&#8221;dark&#8221; text_align=&#8221;left&#8221; row_border_radius=&#8221;none&#8221; row_border_radius_applies=&#8221;bg&#8221; overflow=&#8221;visible&#8221; overlay_strength=&#8221;0.3&#8243; gradient_direction=&#8221;left_to_right&#8221; shape_divider_position=&#8221;bottom&#8221; bg_image_animation=&#8221;none&#8221; gradient_type=&#8221;default&#8221; shape_type=&#8221;&#8221;][vc_column column_padding=&#8221;no-extra-padding&#8221; column_padding_tablet=&#8221;inherit&#8221; column_padding_phone=&#8221;inherit&#8221; column_padding_position=&#8221;all&#8221; column_element_direction_desktop=&#8221;default&#8221; column_element_spacing=&#8221;default&#8221; desktop_text_alignment=&#8221;default&#8221; tablet_text_alignment=&#8221;default&#8221; phone_text_alignment=&#8221;default&#8221; background_color_opacity=&#8221;1&#8243;&#8230;<\/p>\n","protected":false},"author":5,"featured_media":0,"parent":0,"menu_order":4,"comment_status":"closed","ping_status":"closed","template":"","meta":{"footnotes":""},"class_list":["post-2412","page","type-page","status-publish"],"yoast_head":"<!-- This site is optimized with the Yoast SEO plugin v27.4 - https:\/\/yoast.com\/product\/yoast-seo-wordpress\/ -->\n<title>Missione - Seniorenwohnheim St. Barbara<\/title>\n<meta name=\"description\" content=\"La nostra missione contiene l&#039;immagine di s\u00e9 e i principi fondamentali dell&#039;organizzazione. Nostra missione, vediamo le persone al centro.\" \/>\n<meta name=\"robots\" content=\"index, follow, max-snippet:-1, max-image-preview:large, max-video-preview:-1\" \/>\n<link rel=\"canonical\" href=\"https:\/\/altersheim.it\/it\/missione\/\" \/>\n<meta property=\"og:locale\" content=\"it_IT\" \/>\n<meta property=\"og:type\" content=\"article\" \/>\n<meta property=\"og:title\" content=\"Missione - Seniorenwohnheim St. Barbara\" \/>\n<meta property=\"og:description\" content=\"La nostra missione contiene l&#039;immagine di s\u00e9 e i principi fondamentali dell&#039;organizzazione. Nostra missione, vediamo le persone al centro.\" \/>\n<meta property=\"og:url\" content=\"https:\/\/altersheim.it\/it\/missione\/\" \/>\n<meta property=\"og:site_name\" content=\"Seniorenwohnheim St. Barbara\" \/>\n<meta property=\"article:modified_time\" content=\"2025-08-22T10:14:40+00:00\" \/>\n<meta property=\"og:image\" content=\"https:\/\/altersheim.it\/wp-content\/uploads\/2023\/07\/Seniorenwohnheim_PfeiferBerniStLe_-10-1.jpg\" \/>\n\t<meta property=\"og:image:width\" content=\"1920\" \/>\n\t<meta property=\"og:image:height\" content=\"1280\" \/>\n\t<meta property=\"og:image:type\" content=\"image\/jpeg\" \/>\n<meta name=\"twitter:card\" content=\"summary_large_image\" \/>\n<meta name=\"twitter:label1\" content=\"Tempo di lettura stimato\" \/>\n\t<meta name=\"twitter:data1\" content=\"3 minuti\" \/>\n<script type=\"application\/ld+json\" class=\"yoast-schema-graph\">{\"@context\":\"https:\\\/\\\/schema.org\",\"@graph\":[{\"@type\":\"WebPage\",\"@id\":\"https:\\\/\\\/altersheim.it\\\/it\\\/missione\\\/\",\"url\":\"https:\\\/\\\/altersheim.it\\\/it\\\/missione\\\/\",\"name\":\"Missione - Seniorenwohnheim St. Barbara\",\"isPartOf\":{\"@id\":\"https:\\\/\\\/altersheim.it\\\/#website\"},\"datePublished\":\"2023-06-22T07:13:49+00:00\",\"dateModified\":\"2025-08-22T10:14:40+00:00\",\"description\":\"La nostra missione contiene l'immagine di s\u00e9 e i principi fondamentali dell'organizzazione. Nostra missione, vediamo le persone al centro.\",\"breadcrumb\":{\"@id\":\"https:\\\/\\\/altersheim.it\\\/it\\\/missione\\\/#breadcrumb\"},\"inLanguage\":\"it-IT\",\"potentialAction\":[{\"@type\":\"ReadAction\",\"target\":[\"https:\\\/\\\/altersheim.it\\\/it\\\/missione\\\/\"]}]},{\"@type\":\"BreadcrumbList\",\"@id\":\"https:\\\/\\\/altersheim.it\\\/it\\\/missione\\\/#breadcrumb\",\"itemListElement\":[{\"@type\":\"ListItem\",\"position\":1,\"name\":\"Startseite\",\"item\":\"https:\\\/\\\/altersheim.it\\\/it\\\/\"},{\"@type\":\"ListItem\",\"position\":2,\"name\":\"Missione\"}]},{\"@type\":\"WebSite\",\"@id\":\"https:\\\/\\\/altersheim.it\\\/#website\",\"url\":\"https:\\\/\\\/altersheim.it\\\/\",\"name\":\"Seniorenwohnheim St. Barbara\",\"description\":\"Konsortium Seniorendienste Passeier\",\"publisher\":{\"@id\":\"https:\\\/\\\/altersheim.it\\\/#organization\"},\"potentialAction\":[{\"@type\":\"SearchAction\",\"target\":{\"@type\":\"EntryPoint\",\"urlTemplate\":\"https:\\\/\\\/altersheim.it\\\/?s={search_term_string}\"},\"query-input\":{\"@type\":\"PropertyValueSpecification\",\"valueRequired\":true,\"valueName\":\"search_term_string\"}}],\"inLanguage\":\"it-IT\"},{\"@type\":\"Organization\",\"@id\":\"https:\\\/\\\/altersheim.it\\\/#organization\",\"name\":\"Konsortium Seniorendienste Passeier\",\"url\":\"https:\\\/\\\/altersheim.it\\\/\",\"logo\":{\"@type\":\"ImageObject\",\"inLanguage\":\"it-IT\",\"@id\":\"https:\\\/\\\/altersheim.it\\\/#\\\/schema\\\/logo\\\/image\\\/\",\"url\":\"https:\\\/\\\/altersheim.it\\\/wp-content\\\/uploads\\\/2023\\\/06\\\/seniorenwohnheim-logo-2x.png\",\"contentUrl\":\"https:\\\/\\\/altersheim.it\\\/wp-content\\\/uploads\\\/2023\\\/06\\\/seniorenwohnheim-logo-2x.png\",\"width\":1000,\"height\":124,\"caption\":\"Konsortium Seniorendienste Passeier\"},\"image\":{\"@id\":\"https:\\\/\\\/altersheim.it\\\/#\\\/schema\\\/logo\\\/image\\\/\"}}]}<\/script>\n<!-- \/ Yoast SEO plugin. -->","yoast_head_json":{"title":"Missione - Seniorenwohnheim St. Barbara","description":"La nostra missione contiene l'immagine di s\u00e9 e i principi fondamentali dell'organizzazione. Nostra missione, vediamo le persone al centro.","robots":{"index":"index","follow":"follow","max-snippet":"max-snippet:-1","max-image-preview":"max-image-preview:large","max-video-preview":"max-video-preview:-1"},"canonical":"https:\/\/altersheim.it\/it\/missione\/","og_locale":"it_IT","og_type":"article","og_title":"Missione - Seniorenwohnheim St. Barbara","og_description":"La nostra missione contiene l'immagine di s\u00e9 e i principi fondamentali dell'organizzazione. Nostra missione, vediamo le persone al centro.","og_url":"https:\/\/altersheim.it\/it\/missione\/","og_site_name":"Seniorenwohnheim St. Barbara","article_modified_time":"2025-08-22T10:14:40+00:00","og_image":[{"width":1920,"height":1280,"url":"https:\/\/altersheim.it\/wp-content\/uploads\/2023\/07\/Seniorenwohnheim_PfeiferBerniStLe_-10-1.jpg","type":"image\/jpeg"}],"twitter_card":"summary_large_image","twitter_misc":{"Tempo di lettura stimato":"3 minuti"},"schema":{"@context":"https:\/\/schema.org","@graph":[{"@type":"WebPage","@id":"https:\/\/altersheim.it\/it\/missione\/","url":"https:\/\/altersheim.it\/it\/missione\/","name":"Missione - Seniorenwohnheim St. Barbara","isPartOf":{"@id":"https:\/\/altersheim.it\/#website"},"datePublished":"2023-06-22T07:13:49+00:00","dateModified":"2025-08-22T10:14:40+00:00","description":"La nostra missione contiene l'immagine di s\u00e9 e i principi fondamentali dell'organizzazione. Nostra missione, vediamo le persone al centro.","breadcrumb":{"@id":"https:\/\/altersheim.it\/it\/missione\/#breadcrumb"},"inLanguage":"it-IT","potentialAction":[{"@type":"ReadAction","target":["https:\/\/altersheim.it\/it\/missione\/"]}]},{"@type":"BreadcrumbList","@id":"https:\/\/altersheim.it\/it\/missione\/#breadcrumb","itemListElement":[{"@type":"ListItem","position":1,"name":"Startseite","item":"https:\/\/altersheim.it\/it\/"},{"@type":"ListItem","position":2,"name":"Missione"}]},{"@type":"WebSite","@id":"https:\/\/altersheim.it\/#website","url":"https:\/\/altersheim.it\/","name":"Seniorenwohnheim St. Barbara","description":"Konsortium Seniorendienste Passeier","publisher":{"@id":"https:\/\/altersheim.it\/#organization"},"potentialAction":[{"@type":"SearchAction","target":{"@type":"EntryPoint","urlTemplate":"https:\/\/altersheim.it\/?s={search_term_string}"},"query-input":{"@type":"PropertyValueSpecification","valueRequired":true,"valueName":"search_term_string"}}],"inLanguage":"it-IT"},{"@type":"Organization","@id":"https:\/\/altersheim.it\/#organization","name":"Konsortium Seniorendienste Passeier","url":"https:\/\/altersheim.it\/","logo":{"@type":"ImageObject","inLanguage":"it-IT","@id":"https:\/\/altersheim.it\/#\/schema\/logo\/image\/","url":"https:\/\/altersheim.it\/wp-content\/uploads\/2023\/06\/seniorenwohnheim-logo-2x.png","contentUrl":"https:\/\/altersheim.it\/wp-content\/uploads\/2023\/06\/seniorenwohnheim-logo-2x.png","width":1000,"height":124,"caption":"Konsortium Seniorendienste Passeier"},"image":{"@id":"https:\/\/altersheim.it\/#\/schema\/logo\/image\/"}}]}},"_links":{"self":[{"href":"https:\/\/altersheim.it\/it\/wp-json\/wp\/v2\/pages\/2412","targetHints":{"allow":["GET"]}}],"collection":[{"href":"https:\/\/altersheim.it\/it\/wp-json\/wp\/v2\/pages"}],"about":[{"href":"https:\/\/altersheim.it\/it\/wp-json\/wp\/v2\/types\/page"}],"author":[{"embeddable":true,"href":"https:\/\/altersheim.it\/it\/wp-json\/wp\/v2\/users\/5"}],"replies":[{"embeddable":true,"href":"https:\/\/altersheim.it\/it\/wp-json\/wp\/v2\/comments?post=2412"}],"version-history":[{"count":7,"href":"https:\/\/altersheim.it\/it\/wp-json\/wp\/v2\/pages\/2412\/revisions"}],"predecessor-version":[{"id":4602,"href":"https:\/\/altersheim.it\/it\/wp-json\/wp\/v2\/pages\/2412\/revisions\/4602"}],"wp:attachment":[{"href":"https:\/\/altersheim.it\/it\/wp-json\/wp\/v2\/media?parent=2412"}],"curies":[{"name":"wp","href":"https:\/\/api.w.org\/{rel}","templated":true}]}}