{"id":1023,"date":"2019-08-07T11:47:42","date_gmt":"2019-08-07T09:47:42","guid":{"rendered":"https:\/\/altersheim.it\/?page_id=1023"},"modified":"2025-01-30T08:45:11","modified_gmt":"2025-01-30T07:45:11","slug":"contatto","status":"publish","type":"page","link":"https:\/\/altersheim.it\/it\/contatto\/","title":{"rendered":"Contatto"},"content":{"rendered":"[vc_row type=&#8221;full_width_background&#8221; full_screen_row_position=&#8221;middle&#8221; column_margin=&#8221;default&#8221; column_direction=&#8221;default&#8221; column_direction_tablet=&#8221;default&#8221; column_direction_phone=&#8221;default&#8221; scene_position=&#8221;center&#8221; top_margin=&#8221;3%&#8221; text_color=&#8221;dark&#8221; text_align=&#8221;left&#8221; row_border_radius=&#8221;none&#8221; row_border_radius_applies=&#8221;bg&#8221; overflow=&#8221;visible&#8221; overlay_strength=&#8221;0.3&#8243; gradient_direction=&#8221;left_to_right&#8221; shape_divider_position=&#8221;bottom&#8221; bg_image_animation=&#8221;none&#8221; gradient_type=&#8221;default&#8221; shape_type=&#8221;&#8221;][vc_column column_padding=&#8221;no-extra-padding&#8221; column_padding_tablet=&#8221;inherit&#8221; column_padding_phone=&#8221;inherit&#8221; column_padding_position=&#8221;all&#8221; column_element_direction_desktop=&#8221;default&#8221; column_element_spacing=&#8221;default&#8221; desktop_text_alignment=&#8221;default&#8221; tablet_text_alignment=&#8221;default&#8221; phone_text_alignment=&#8221;default&#8221; background_color_opacity=&#8221;1&#8243; background_hover_color_opacity=&#8221;1&#8243; column_backdrop_filter=&#8221;none&#8221; column_shadow=&#8221;none&#8221; column_border_radius=&#8221;none&#8221; column_link_target=&#8221;_self&#8221; column_position=&#8221;default&#8221; gradient_direction=&#8221;left_to_right&#8221; overlay_strength=&#8221;0.3&#8243; width=&#8221;1\/1&#8243; tablet_width_inherit=&#8221;default&#8221; animation_type=&#8221;default&#8221; bg_image_animation=&#8221;none&#8221; border_type=&#8221;simple&#8221; column_border_width=&#8221;none&#8221; column_border_style=&#8221;solid&#8221;][vc_row_inner equal_height=&#8221;yes&#8221; column_margin=&#8221;default&#8221; column_direction=&#8221;default&#8221; column_direction_tablet=&#8221;default&#8221; column_direction_phone=&#8221;default&#8221; constrain_group_1=&#8221;yes&#8221; text_align=&#8221;left&#8221; row_position=&#8221;default&#8221; row_position_tablet=&#8221;inherit&#8221; row_position_phone=&#8221;inherit&#8221; overflow=&#8221;visible&#8221; pointer_events=&#8221;all&#8221;][vc_column_inner column_padding=&#8221;no-extra-padding&#8221; column_padding_tablet=&#8221;inherit&#8221; column_padding_phone=&#8221;inherit&#8221; column_padding_position=&#8221;all&#8221; column_element_direction_desktop=&#8221;default&#8221; column_element_spacing=&#8221;default&#8221; desktop_text_alignment=&#8221;center&#8221; tablet_text_alignment=&#8221;default&#8221; phone_text_alignment=&#8221;default&#8221; background_color_opacity=&#8221;1&#8243; background_hover_color_opacity=&#8221;1&#8243; column_backdrop_filter=&#8221;none&#8221; column_shadow=&#8221;none&#8221; column_border_radius=&#8221;none&#8221; column_link_target=&#8221;_self&#8221; overflow=&#8221;visible&#8221; gradient_direction=&#8221;left_to_right&#8221; overlay_strength=&#8221;0.3&#8243; width=&#8221;1\/1&#8243; tablet_width_inherit=&#8221;default&#8221; animation_type=&#8221;default&#8221; bg_image_animation=&#8221;none&#8221; border_type=&#8221;simple&#8221; column_border_width=&#8221;none&#8221; column_border_style=&#8221;solid&#8221; column_padding_type=&#8221;default&#8221; gradient_type=&#8221;default&#8221;][vc_column_text css=&#8221;.vc_custom_1695028142781{margin-bottom: 3% !important;border-bottom-width: 3px !important;border-bottom-color: #ffd504 !important;border-bottom-style: solid !important;border-radius: 3px !important;}&#8221;]\n<h2 style=\"text-align: left;\"><strong>Contatto<\/strong><\/h2>\n[\/vc_column_text][\/vc_column_inner][\/vc_row_inner][\/vc_column][\/vc_row][vc_row type=&#8221;in_container&#8221; full_screen_row_position=&#8221;middle&#8221; column_margin=&#8221;default&#8221; column_direction=&#8221;default&#8221; column_direction_tablet=&#8221;default&#8221; column_direction_phone=&#8221;default&#8221; scene_position=&#8221;center&#8221; top_padding=&#8221;1%&#8221; constrain_group_1=&#8221;yes&#8221; bottom_padding=&#8221;1%&#8221; top_margin=&#8221;3%&#8221; constrain_group_7=&#8221;yes&#8221; bottom_margin=&#8221;3%&#8221; text_color=&#8221;dark&#8221; text_align=&#8221;left&#8221; row_border_radius=&#8221;none&#8221; row_border_radius_applies=&#8221;bg&#8221; overflow=&#8221;visible&#8221; overlay_strength=&#8221;0.3&#8243; gradient_direction=&#8221;left_to_right&#8221; shape_divider_position=&#8221;bottom&#8221; bg_image_animation=&#8221;none&#8221; gradient_type=&#8221;default&#8221; shape_type=&#8221;&#8221;][vc_column column_padding=&#8221;no-extra-padding&#8221; column_padding_tablet=&#8221;inherit&#8221; column_padding_phone=&#8221;inherit&#8221; column_padding_position=&#8221;all&#8221; column_element_direction_desktop=&#8221;default&#8221; column_element_spacing=&#8221;default&#8221; desktop_text_alignment=&#8221;default&#8221; tablet_text_alignment=&#8221;default&#8221; phone_text_alignment=&#8221;default&#8221; background_color_opacity=&#8221;1&#8243; background_hover_color_opacity=&#8221;1&#8243; column_backdrop_filter=&#8221;none&#8221; column_shadow=&#8221;none&#8221; column_border_radius=&#8221;none&#8221; column_link_target=&#8221;_self&#8221; column_position=&#8221;default&#8221; gradient_direction=&#8221;left_to_right&#8221; overlay_strength=&#8221;0.3&#8243; width=&#8221;1\/1&#8243; tablet_width_inherit=&#8221;default&#8221; animation_type=&#8221;default&#8221; bg_image_animation=&#8221;none&#8221; border_type=&#8221;simple&#8221; column_border_width=&#8221;none&#8221; column_border_style=&#8221;solid&#8221;][vc_row_inner column_margin=&#8221;default&#8221; column_direction=&#8221;default&#8221; column_direction_tablet=&#8221;default&#8221; column_direction_phone=&#8221;default&#8221; text_align=&#8221;left&#8221; row_position=&#8221;default&#8221; row_position_tablet=&#8221;inherit&#8221; row_position_phone=&#8221;inherit&#8221; overflow=&#8221;visible&#8221; pointer_events=&#8221;all&#8221;][vc_column_inner column_padding=&#8221;no-extra-padding&#8221; column_padding_tablet=&#8221;inherit&#8221; column_padding_phone=&#8221;inherit&#8221; column_padding_position=&#8221;all&#8221; column_element_direction_desktop=&#8221;default&#8221; column_element_spacing=&#8221;default&#8221; desktop_text_alignment=&#8221;default&#8221; tablet_text_alignment=&#8221;default&#8221; phone_text_alignment=&#8221;default&#8221; background_color_opacity=&#8221;1&#8243; background_hover_color_opacity=&#8221;1&#8243; column_backdrop_filter=&#8221;none&#8221; column_shadow=&#8221;none&#8221; column_border_radius=&#8221;none&#8221; column_link_target=&#8221;_self&#8221; overflow=&#8221;visible&#8221; gradient_direction=&#8221;left_to_right&#8221; overlay_strength=&#8221;0.3&#8243; width=&#8221;1\/1&#8243; tablet_width_inherit=&#8221;default&#8221; animation_type=&#8221;default&#8221; bg_image_animation=&#8221;none&#8221; border_type=&#8221;simple&#8221; column_border_width=&#8221;none&#8221; column_border_style=&#8221;solid&#8221;][vc_column_text css=&#8221;&#8221; text_direction=&#8221;default&#8221;]\n<h3><strong>Consorzio Servizi per Anziani Passiria<\/strong><\/h3>\n<p>Via Chiesa 40,<br \/>\n39015 San Leonardo in Passiria \u2013 Alto Adige<\/p>\n<p><strong>Telefono:<\/strong> <a href=\"tel:0473656086\">(+39) 0473 656086<\/a><br \/>\n<strong>Fax:<\/strong> <a href=\"tel:0473656882\">(+39) 0473 656882<\/a><br \/>\n<strong>Indirizzo E-Mail:<\/strong>\u00a0<a href=\"mailto:info@altersheim.it\">info@altersheim.it<\/a><br \/>\n<strong>Indirizzo E-Mail DPO:<\/strong>\u00a0<a href=\"mailto:dpo@altersheim.it\">dpo@altersheim.it<\/a><br \/>\n<strong>PEC:<\/strong>\u00a0<a href=\"mailto:seniorendienstepasseier@legalmail.it\">seniorendienstepasseier@legalmail.it<\/a><\/p>\n<p><strong>Codice fiscale\/Partita IVA:<\/strong> 01286080211<br \/>\n<strong>Fatturazione elettronica, Codice Ufficio:<\/strong> UFBAN6<\/p>\n<p><strong>IBAN:<\/strong> IT 48 L 08998 58810 000300241504<\/p>\n<p><strong>Orario d\u2019apertura<\/strong><\/p>\n<p>Il nostro ufficio \u00e8 aperta da Luned\u00ec a Venerd\u00ec dalle ore 8.00 alle ore 12.00<\/p>\n<p><strong>Amministrazione<\/strong><\/p>\n<p><strong>Presidente:<\/strong>\u00a0Ulrich K\u00f6nigsrainer<br \/>\n<strong>Telefono:<\/strong> <a href=\"tel:0473656086\">(+39) 0473 656086<\/a><br \/>\n<strong>E-mail:<\/strong>\u00a0<a href=\"mailto:info@altersheim.it\">info@altersheim.it<\/a><\/p>\n<p><strong>Direttore:<\/strong>\u00a0Dott. Tobias Hillebrand<br \/>\n<strong>Telefono:<\/strong> <a href=\"tel:0473656086\">(+39) 0473 656086<\/a><br \/>\n<strong>E-mail:<\/strong>\u00a0<a href=\"mailto:info@altersheim.it\">info@altersheim.it<\/a><\/p>\n<p><strong>Responsabile del reparto di cura:<\/strong> Hans Moosmair<br \/>\n<strong>Telefono:<\/strong> <a href=\"tel:0473656086\">(+39) 0473 656086<\/a><br \/>\n<strong>E-mail: <\/strong><a href=\"mailto:hans.moosmair@altersheim.it\">hans.moosmair@altersheim.it<\/a><\/p>\n<p><strong>Cucina:<\/strong> Hermann Mair<br \/>\n<strong>Telefono:<\/strong> <a href=\"tel:0473050015\">(+39) 0473 050015<\/a><br \/>\n<strong>E-mail:\u00a0<\/strong><a href=\"mailto:hws@altersheim.it\">hws@altersheim.it<\/a>[\/vc_column_text][\/vc_column_inner][\/vc_row_inner][vc_row_inner column_margin=&#8221;default&#8221; column_direction=&#8221;default&#8221; column_direction_tablet=&#8221;default&#8221; column_direction_phone=&#8221;default&#8221; text_align=&#8221;left&#8221; row_position=&#8221;default&#8221; row_position_tablet=&#8221;inherit&#8221; row_position_phone=&#8221;inherit&#8221; overflow=&#8221;visible&#8221; pointer_events=&#8221;all&#8221;][vc_column_inner column_padding=&#8221;no-extra-padding&#8221; column_padding_tablet=&#8221;inherit&#8221; column_padding_phone=&#8221;inherit&#8221; column_padding_position=&#8221;all&#8221; column_element_direction_desktop=&#8221;default&#8221; column_element_spacing=&#8221;default&#8221; centered_text=&#8221;true&#8221; desktop_text_alignment=&#8221;center&#8221; tablet_text_alignment=&#8221;default&#8221; phone_text_alignment=&#8221;default&#8221; background_color_opacity=&#8221;1&#8243; background_hover_color_opacity=&#8221;1&#8243; column_backdrop_filter=&#8221;none&#8221; column_shadow=&#8221;none&#8221; column_border_radius=&#8221;none&#8221; column_link_target=&#8221;_self&#8221; overflow=&#8221;visible&#8221; gradient_direction=&#8221;left_to_right&#8221; overlay_strength=&#8221;0.3&#8243; width=&#8221;1\/1&#8243; tablet_width_inherit=&#8221;default&#8221; animation_type=&#8221;default&#8221; bg_image_animation=&#8221;none&#8221; border_type=&#8221;simple&#8221; column_border_width=&#8221;none&#8221; column_border_style=&#8221;solid&#8221; column_padding_type=&#8221;default&#8221; gradient_type=&#8221;default&#8221;][vc_column_text]\n<h4>Approccio<\/h4>\n[\/vc_column_text][vc_raw_html]PHAgc3R5bGU9InRleHQtYWxpZ246IGxlZnQ7Ij48aWZyYW1lIHN0eWxlPSJib3JkZXI6IDA7IiBzcmM9Imh0dHBzOi8vd3d3Lmdvb2dsZS5jb20vbWFwcy9lbWJlZD9wYj0hMW0xOCExbTEyITFtMyExZDI3MzAuNzQ3MjU5Njk5ODg4ITJkMTEuMjQzMTU5MzEzMTY1NTQyITNkNDYuODA5Mjg0MjcxMDA3NTkhMm0zITFmMCEyZjAhM2YwITNtMiExaTEwMjQhMmk3NjghNGYxMy4xITNtMyExbTIhMXMweDQ3ODJiMTY3YTk2ZTdjZWQlM0EweGZmNzc4NGE4NDc5ZjU2MTUhMnNWaWElMjBDaGllc2ElMkMlMjA0MCUyQyUyMDM5MDE1JTIwU2FuJTIwTGVvbmFyZG8lMjBJbiUyMFBhc3NpcmlhJTIwQlohNWUwITNtMiExc2VuITJzaXQhNHYxNjg3MzQxMjY3NjU3ITVtMiExc2VuITJzaXQiIHdpZHRoPSI5NTAiIGhlaWdodD0iNDUwIiBhbGxvd2Z1bGxzY3JlZW49ImFsbG93ZnVsbHNjcmVlbiI+PC9pZnJhbWU+PC9wPg==[\/vc_raw_html][\/vc_column_inner][\/vc_row_inner][\/vc_column][\/vc_row]\n","protected":false},"excerpt":{"rendered":"<p>[vc_row type=&#8221;full_width_background&#8221; full_screen_row_position=&#8221;middle&#8221; column_margin=&#8221;default&#8221; column_direction=&#8221;default&#8221; column_direction_tablet=&#8221;default&#8221; column_direction_phone=&#8221;default&#8221; scene_position=&#8221;center&#8221; top_margin=&#8221;3%&#8221; text_color=&#8221;dark&#8221; text_align=&#8221;left&#8221; row_border_radius=&#8221;none&#8221; row_border_radius_applies=&#8221;bg&#8221; overflow=&#8221;visible&#8221; overlay_strength=&#8221;0.3&#8243; gradient_direction=&#8221;left_to_right&#8221; shape_divider_position=&#8221;bottom&#8221; bg_image_animation=&#8221;none&#8221; gradient_type=&#8221;default&#8221; shape_type=&#8221;&#8221;][vc_column column_padding=&#8221;no-extra-padding&#8221; column_padding_tablet=&#8221;inherit&#8221; column_padding_phone=&#8221;inherit&#8221; column_padding_position=&#8221;all&#8221; column_element_direction_desktop=&#8221;default&#8221; column_element_spacing=&#8221;default&#8221; desktop_text_alignment=&#8221;default&#8221; tablet_text_alignment=&#8221;default&#8221; phone_text_alignment=&#8221;default&#8221; background_color_opacity=&#8221;1&#8243;&#8230;<\/p>\n","protected":false},"author":1,"featured_media":0,"parent":0,"menu_order":13,"comment_status":"closed","ping_status":"closed","template":"","meta":{"footnotes":""},"class_list":["post-1023","page","type-page","status-publish"],"yoast_head":"<!-- This site is optimized with the Yoast SEO plugin v27.4 - https:\/\/yoast.com\/product\/yoast-seo-wordpress\/ -->\n<title>Contatto - Seniorenwohnheim St. Barbara<\/title>\n<meta name=\"robots\" content=\"index, follow, max-snippet:-1, max-image-preview:large, max-video-preview:-1\" \/>\n<link rel=\"canonical\" href=\"https:\/\/altersheim.it\/it\/contatto\/\" \/>\n<meta property=\"og:locale\" content=\"it_IT\" \/>\n<meta property=\"og:type\" content=\"article\" \/>\n<meta property=\"og:title\" content=\"Contatto - Seniorenwohnheim St. Barbara\" \/>\n<meta property=\"og:description\" content=\"[vc_row type=&#8221;full_width_background&#8221; full_screen_row_position=&#8221;middle&#8221; column_margin=&#8221;default&#8221; column_direction=&#8221;default&#8221; column_direction_tablet=&#8221;default&#8221; column_direction_phone=&#8221;default&#8221; scene_position=&#8221;center&#8221; top_margin=&#8221;3%&#8221; text_color=&#8221;dark&#8221; text_align=&#8221;left&#8221; row_border_radius=&#8221;none&#8221; row_border_radius_applies=&#8221;bg&#8221; overflow=&#8221;visible&#8221; overlay_strength=&#8221;0.3&#8243; gradient_direction=&#8221;left_to_right&#8221; shape_divider_position=&#8221;bottom&#8221; bg_image_animation=&#8221;none&#8221; gradient_type=&#8221;default&#8221; shape_type=&#8221;&#8221;][vc_column column_padding=&#8221;no-extra-padding&#8221; column_padding_tablet=&#8221;inherit&#8221; column_padding_phone=&#8221;inherit&#8221; column_padding_position=&#8221;all&#8221; column_element_direction_desktop=&#8221;default&#8221; column_element_spacing=&#8221;default&#8221; desktop_text_alignment=&#8221;default&#8221; tablet_text_alignment=&#8221;default&#8221; phone_text_alignment=&#8221;default&#8221; background_color_opacity=&#8221;1&#8243;...\" \/>\n<meta property=\"og:url\" content=\"https:\/\/altersheim.it\/it\/contatto\/\" \/>\n<meta property=\"og:site_name\" content=\"Seniorenwohnheim St. Barbara\" \/>\n<meta property=\"article:modified_time\" content=\"2025-01-30T07:45:11+00:00\" \/>\n<meta property=\"og:image\" content=\"https:\/\/altersheim.it\/wp-content\/uploads\/2023\/07\/Seniorenwohnheim_PfeiferBerniStLe_-10-1.jpg\" \/>\n\t<meta property=\"og:image:width\" content=\"1920\" \/>\n\t<meta property=\"og:image:height\" content=\"1280\" \/>\n\t<meta property=\"og:image:type\" content=\"image\/jpeg\" \/>\n<meta name=\"twitter:card\" content=\"summary_large_image\" \/>\n<meta name=\"twitter:label1\" content=\"Tempo di lettura stimato\" \/>\n\t<meta name=\"twitter:data1\" content=\"1 minuto\" \/>\n<script type=\"application\/ld+json\" class=\"yoast-schema-graph\">{\"@context\":\"https:\\\/\\\/schema.org\",\"@graph\":[{\"@type\":\"WebPage\",\"@id\":\"https:\\\/\\\/altersheim.it\\\/it\\\/contatto\\\/\",\"url\":\"https:\\\/\\\/altersheim.it\\\/it\\\/contatto\\\/\",\"name\":\"Contatto - Seniorenwohnheim St. Barbara\",\"isPartOf\":{\"@id\":\"https:\\\/\\\/altersheim.it\\\/#website\"},\"datePublished\":\"2019-08-07T09:47:42+00:00\",\"dateModified\":\"2025-01-30T07:45:11+00:00\",\"breadcrumb\":{\"@id\":\"https:\\\/\\\/altersheim.it\\\/it\\\/contatto\\\/#breadcrumb\"},\"inLanguage\":\"it-IT\",\"potentialAction\":[{\"@type\":\"ReadAction\",\"target\":[\"https:\\\/\\\/altersheim.it\\\/it\\\/contatto\\\/\"]}]},{\"@type\":\"BreadcrumbList\",\"@id\":\"https:\\\/\\\/altersheim.it\\\/it\\\/contatto\\\/#breadcrumb\",\"itemListElement\":[{\"@type\":\"ListItem\",\"position\":1,\"name\":\"Startseite\",\"item\":\"https:\\\/\\\/altersheim.it\\\/it\\\/\"},{\"@type\":\"ListItem\",\"position\":2,\"name\":\"Contatto\"}]},{\"@type\":\"WebSite\",\"@id\":\"https:\\\/\\\/altersheim.it\\\/#website\",\"url\":\"https:\\\/\\\/altersheim.it\\\/\",\"name\":\"Seniorenwohnheim St. Barbara\",\"description\":\"Konsortium Seniorendienste Passeier\",\"publisher\":{\"@id\":\"https:\\\/\\\/altersheim.it\\\/#organization\"},\"potentialAction\":[{\"@type\":\"SearchAction\",\"target\":{\"@type\":\"EntryPoint\",\"urlTemplate\":\"https:\\\/\\\/altersheim.it\\\/?s={search_term_string}\"},\"query-input\":{\"@type\":\"PropertyValueSpecification\",\"valueRequired\":true,\"valueName\":\"search_term_string\"}}],\"inLanguage\":\"it-IT\"},{\"@type\":\"Organization\",\"@id\":\"https:\\\/\\\/altersheim.it\\\/#organization\",\"name\":\"Konsortium Seniorendienste Passeier\",\"url\":\"https:\\\/\\\/altersheim.it\\\/\",\"logo\":{\"@type\":\"ImageObject\",\"inLanguage\":\"it-IT\",\"@id\":\"https:\\\/\\\/altersheim.it\\\/#\\\/schema\\\/logo\\\/image\\\/\",\"url\":\"https:\\\/\\\/altersheim.it\\\/wp-content\\\/uploads\\\/2023\\\/06\\\/seniorenwohnheim-logo-2x.png\",\"contentUrl\":\"https:\\\/\\\/altersheim.it\\\/wp-content\\\/uploads\\\/2023\\\/06\\\/seniorenwohnheim-logo-2x.png\",\"width\":1000,\"height\":124,\"caption\":\"Konsortium Seniorendienste Passeier\"},\"image\":{\"@id\":\"https:\\\/\\\/altersheim.it\\\/#\\\/schema\\\/logo\\\/image\\\/\"}}]}<\/script>\n<!-- \/ Yoast SEO plugin. -->","yoast_head_json":{"title":"Contatto - Seniorenwohnheim St. Barbara","robots":{"index":"index","follow":"follow","max-snippet":"max-snippet:-1","max-image-preview":"max-image-preview:large","max-video-preview":"max-video-preview:-1"},"canonical":"https:\/\/altersheim.it\/it\/contatto\/","og_locale":"it_IT","og_type":"article","og_title":"Contatto - Seniorenwohnheim St. Barbara","og_description":"[vc_row type=&#8221;full_width_background&#8221; full_screen_row_position=&#8221;middle&#8221; column_margin=&#8221;default&#8221; column_direction=&#8221;default&#8221; column_direction_tablet=&#8221;default&#8221; column_direction_phone=&#8221;default&#8221; scene_position=&#8221;center&#8221; top_margin=&#8221;3%&#8221; text_color=&#8221;dark&#8221; text_align=&#8221;left&#8221; row_border_radius=&#8221;none&#8221; row_border_radius_applies=&#8221;bg&#8221; overflow=&#8221;visible&#8221; overlay_strength=&#8221;0.3&#8243; gradient_direction=&#8221;left_to_right&#8221; shape_divider_position=&#8221;bottom&#8221; bg_image_animation=&#8221;none&#8221; gradient_type=&#8221;default&#8221; shape_type=&#8221;&#8221;][vc_column column_padding=&#8221;no-extra-padding&#8221; column_padding_tablet=&#8221;inherit&#8221; column_padding_phone=&#8221;inherit&#8221; column_padding_position=&#8221;all&#8221; column_element_direction_desktop=&#8221;default&#8221; column_element_spacing=&#8221;default&#8221; desktop_text_alignment=&#8221;default&#8221; tablet_text_alignment=&#8221;default&#8221; phone_text_alignment=&#8221;default&#8221; background_color_opacity=&#8221;1&#8243;...","og_url":"https:\/\/altersheim.it\/it\/contatto\/","og_site_name":"Seniorenwohnheim St. Barbara","article_modified_time":"2025-01-30T07:45:11+00:00","og_image":[{"width":1920,"height":1280,"url":"https:\/\/altersheim.it\/wp-content\/uploads\/2023\/07\/Seniorenwohnheim_PfeiferBerniStLe_-10-1.jpg","type":"image\/jpeg"}],"twitter_card":"summary_large_image","twitter_misc":{"Tempo di lettura stimato":"1 minuto"},"schema":{"@context":"https:\/\/schema.org","@graph":[{"@type":"WebPage","@id":"https:\/\/altersheim.it\/it\/contatto\/","url":"https:\/\/altersheim.it\/it\/contatto\/","name":"Contatto - Seniorenwohnheim St. Barbara","isPartOf":{"@id":"https:\/\/altersheim.it\/#website"},"datePublished":"2019-08-07T09:47:42+00:00","dateModified":"2025-01-30T07:45:11+00:00","breadcrumb":{"@id":"https:\/\/altersheim.it\/it\/contatto\/#breadcrumb"},"inLanguage":"it-IT","potentialAction":[{"@type":"ReadAction","target":["https:\/\/altersheim.it\/it\/contatto\/"]}]},{"@type":"BreadcrumbList","@id":"https:\/\/altersheim.it\/it\/contatto\/#breadcrumb","itemListElement":[{"@type":"ListItem","position":1,"name":"Startseite","item":"https:\/\/altersheim.it\/it\/"},{"@type":"ListItem","position":2,"name":"Contatto"}]},{"@type":"WebSite","@id":"https:\/\/altersheim.it\/#website","url":"https:\/\/altersheim.it\/","name":"Seniorenwohnheim St. Barbara","description":"Konsortium Seniorendienste Passeier","publisher":{"@id":"https:\/\/altersheim.it\/#organization"},"potentialAction":[{"@type":"SearchAction","target":{"@type":"EntryPoint","urlTemplate":"https:\/\/altersheim.it\/?s={search_term_string}"},"query-input":{"@type":"PropertyValueSpecification","valueRequired":true,"valueName":"search_term_string"}}],"inLanguage":"it-IT"},{"@type":"Organization","@id":"https:\/\/altersheim.it\/#organization","name":"Konsortium Seniorendienste Passeier","url":"https:\/\/altersheim.it\/","logo":{"@type":"ImageObject","inLanguage":"it-IT","@id":"https:\/\/altersheim.it\/#\/schema\/logo\/image\/","url":"https:\/\/altersheim.it\/wp-content\/uploads\/2023\/06\/seniorenwohnheim-logo-2x.png","contentUrl":"https:\/\/altersheim.it\/wp-content\/uploads\/2023\/06\/seniorenwohnheim-logo-2x.png","width":1000,"height":124,"caption":"Konsortium Seniorendienste Passeier"},"image":{"@id":"https:\/\/altersheim.it\/#\/schema\/logo\/image\/"}}]}},"_links":{"self":[{"href":"https:\/\/altersheim.it\/it\/wp-json\/wp\/v2\/pages\/1023","targetHints":{"allow":["GET"]}}],"collection":[{"href":"https:\/\/altersheim.it\/it\/wp-json\/wp\/v2\/pages"}],"about":[{"href":"https:\/\/altersheim.it\/it\/wp-json\/wp\/v2\/types\/page"}],"author":[{"embeddable":true,"href":"https:\/\/altersheim.it\/it\/wp-json\/wp\/v2\/users\/1"}],"replies":[{"embeddable":true,"href":"https:\/\/altersheim.it\/it\/wp-json\/wp\/v2\/comments?post=1023"}],"version-history":[{"count":5,"href":"https:\/\/altersheim.it\/it\/wp-json\/wp\/v2\/pages\/1023\/revisions"}],"predecessor-version":[{"id":4118,"href":"https:\/\/altersheim.it\/it\/wp-json\/wp\/v2\/pages\/1023\/revisions\/4118"}],"wp:attachment":[{"href":"https:\/\/altersheim.it\/it\/wp-json\/wp\/v2\/media?parent=1023"}],"curies":[{"name":"wp","href":"https:\/\/api.w.org\/{rel}","templated":true}]}}